{"id":8710,"date":"2025-11-03T18:36:16","date_gmt":"2025-11-03T17:36:16","guid":{"rendered":"https:\/\/www.adnijoga.hu\/?post_type=product&#038;p=8710"},"modified":"2025-12-17T11:44:25","modified_gmt":"2025-12-17T10:44:25","slug":"jogaora-2","status":"publish","type":"product","link":"https:\/\/www.adnijoga.hu\/en\/product\/jogaora-2\/","title":{"rendered":"\u00dcnnepi j\u00f3ga \u00e9s hangf\u00fcrd\u0151"},"content":{"rendered":"<p>Tarts vel\u00fcnk egy igaz\u00e1n k\u00fcl\u00f6nleges j\u00f3ga\u00f3r\u00e1n \u00e9s t\u00e1mogasd j\u00f3t\u00e9kony j\u00f3ga\u00f3r\u00e1inkat! Egy 90 perces, k\u00f6nnyed \u00e1raml\u00e1s\u00fa j\u00f3gagyakorl\u00e1sra h\u00edvunk, amelyet v\u00e9gig hangt\u00e1lak rezg\u00e9sei k\u00eds\u00e9rnek majd, seg\u00edtve a befel\u00e9 figyel\u00e9st \u00e9s elm\u00e9ly\u00fcl\u00e9st. Az \u00f3r\u00e1t egy hosszabb, pihentet\u0151 hangf\u00fcrd\u0151vel z\u00e1rjuk, amely finoman oldja a fesz\u00fclts\u00e9get \u00e9s t\u00e1mogatja a teljes ellazul\u00e1st.<\/p>\n<p>December 2-\u00e1n, Adakoz\u00f3 Kedden 17.30-t\u00f3l v\u00e1runk a Just Flow J\u00f3ga St\u00fadi\u00f3ban, a j\u00f3ga\u00f3ra 18.00-19.30-ig tart. Az \u00f3ra el\u0151tt \u00e9s ut\u00e1n k\u00f6z\u00f6s te\u00e1z\u00e1sra, besz\u00e9lget\u00e9sre is lesz lehet\u0151s\u00e9g.<\/p>\n<p>K\u00fcldet\u00e9s\u00fcnk, hogy a j\u00f3ga nyugalm\u00e1t \u00e9s biztons\u00e1g\u00e1t min\u00e9l t\u00f6bb gyerek \u00e9s feln\u0151tt megtapasztalhassa, akinek sz\u00fcks\u00e9ge van r\u00e1, abban hisz\u00fcnk, hogy a j\u00f3ga \u00e9s a ment\u00e1lis j\u00f3ll\u00e9t mindenki\u00e9. J\u00f3gaoktat\u00f3ink h\u00e9tr\u0151l h\u00e9tre \u00e9rz\u00e9keny odafigyel\u00e9ssel \u00e9s traumatudatos szak\u00e9rtelemmel teremtik meg csoportjaink k\u00fcl\u00f6nleges k\u00f6zeg\u00e9t, ahol mindenki megtapasztalhatja a mozg\u00e1s, l\u00e9gz\u00e9s \u00e9s medit\u00e1ci\u00f3 j\u00f3t\u00e9kony hat\u00e1s\u00e1t. K\u00fcl\u00f6n\u00f6sen fontos sz\u00e1munkra, hogy minden csoport saj\u00e1t ig\u00e9nyeinek megfelel\u0151 odafigyel\u00e9st kapjon. Mindez nemcsak testi-lelki a egyens\u00falyhoz j\u00e1rul hozz\u00e1, hanem befogad\u00f3, inspir\u00e1l\u00f3 k\u00f6z\u00f6ss\u00e9get is \u00e9p\u00edt! A jelenl\u00e9teddel nemcsak magad\u00e9rt teszel: r\u00e9szv\u00e9teleddel az AdniJ\u00f3ga Alap\u00edtv\u00e1ny misszi\u00f3j\u00e1t is t\u00e1mogatod, hogy a j\u00f3ga gy\u00f3gy\u00edt\u00f3 ereje m\u00e9g t\u00f6bb r\u00e1szorul\u00f3 k\u00f6z\u00f6ss\u00e9ghez eljuthasson.<\/p>","protected":false},"excerpt":{"rendered":"<p data-prosemirror-content-type=\"node\" data-prosemirror-node-name=\"paragraph\" data-prosemirror-node-block=\"true\" data-pm-slice=\"1 1 []\">Csatlakozz hozz\u00e1nk December 2-\u00e1n, Adakoz\u00f3 Kedden egy 90 perces, l\u00e1gy \u00e1raml\u00e1s\u00fa j\u00f3gagyakorl\u00e1sra, amelyet v\u00e9gig hangt\u00e1lak rezg\u00e9sei k\u00eds\u00e9rnek majd, seg\u00edtve a befel\u00e9 figyel\u00e9st \u00e9s elm\u00e9ly\u00fcl\u00e9st. Az \u00f3r\u00e1t egy hosszabb, pihentet\u0151 hangf\u00fcrd\u0151vel z\u00e1rjuk. A programnak a csod\u00e1s Just Flow J\u00f3ga St\u00fadi\u00f3 ad otthont, ahol a j\u00f3ga\u00f3ra el\u0151tt \u00e9s ut\u00e1n k\u00f6z\u00f6s te\u00e1z\u00e1sra, kapcsol\u00f3d\u00e1sra is v\u00e1runk.<\/p>","protected":false},"featured_media":9181,"template":"","meta":{"protect_children":false,"_monsterinsights_skip_tracking":false,"_monsterinsights_sitenote_active":false,"_monsterinsights_sitenote_note":"","_monsterinsights_sitenote_category":0,"site-sidebar-layout":"default","site-content-layout":"","ast-site-content-layout":"default","site-content-style":"default","site-sidebar-style":"default","ast-global-header-display":"","ast-banner-title-visibility":"","ast-main-header-display":"","ast-hfb-above-header-display":"","ast-hfb-below-header-display":"","ast-hfb-mobile-header-display":"","site-post-title":"","ast-breadcrumbs-content":"","ast-featured-img":"","footer-sml-layout":"","ast-disable-related-posts":"","theme-transparent-header-meta":"default","adv-header-id-meta":"","stick-header-meta":"","header-above-stick-meta":"","header-main-stick-meta":"","header-below-stick-meta":"","astra-migrate-meta-layouts":"set","ast-page-background-enabled":"default","ast-page-background-meta":{"desktop":{"background-color":"","background-image":"","background-repeat":"repeat","background-position":"center center","background-size":"auto","background-attachment":"scroll","background-type":"","background-media":"","overlay-type":"","overlay-color":"","overlay-opacity":"","overlay-gradient":""},"tablet":{"background-color":"","background-image":"","background-repeat":"repeat","background-position":"center center","background-size":"auto","background-attachment":"scroll","background-type":"","background-media":"","overlay-type":"","overlay-color":"","overlay-opacity":"","overlay-gradient":""},"mobile":{"background-color":"","background-image":"","background-repeat":"repeat","background-position":"center center","background-size":"auto","background-attachment":"scroll","background-type":"","background-media":"","overlay-type":"","overlay-color":"","overlay-opacity":"","overlay-gradient":""}},"ast-content-background-meta":{"desktop":{"background-color":"var(--ast-global-color-5)","background-image":"","background-repeat":"repeat","background-position":"center center","background-size":"auto","background-attachment":"scroll","background-type":"","background-media":"","overlay-type":"","overlay-color":"","overlay-opacity":"","overlay-gradient":""},"tablet":{"background-color":"var(--ast-global-color-5)","background-image":"","background-repeat":"repeat","background-position":"center center","background-size":"auto","background-attachment":"scroll","background-type":"","background-media":"","overlay-type":"","overlay-color":"","overlay-opacity":"","overlay-gradient":""},"mobile":{"background-color":"var(--ast-global-color-5)","background-image":"","background-repeat":"repeat","background-position":"center center","background-size":"auto","background-attachment":"scroll","background-type":"","background-media":"","overlay-type":"","overlay-color":"","overlay-opacity":"","overlay-gradient":""}}},"product_brand":[],"product_cat":[126,124],"product_tag":[129],"class_list":{"0":"post-8710","1":"product","2":"type-product","3":"status-publish","4":"has-post-thumbnail","6":"product_cat-adomanyshop","7":"product_cat-add-tovabb-a-nyugalmat","8":"product_tag-jogaora","9":"desktop-align-left","10":"tablet-align-left","11":"mobile-align-left","13":"first","14":"outofstock","15":"virtual","16":"purchasable","17":"product-type-simple"},"_links":{"self":[{"href":"https:\/\/www.adnijoga.hu\/en\/wp-json\/wp\/v2\/product\/8710","targetHints":{"allow":["GET"]}}],"collection":[{"href":"https:\/\/www.adnijoga.hu\/en\/wp-json\/wp\/v2\/product"}],"about":[{"href":"https:\/\/www.adnijoga.hu\/en\/wp-json\/wp\/v2\/types\/product"}],"wp:featuredmedia":[{"embeddable":true,"href":"https:\/\/www.adnijoga.hu\/en\/wp-json\/wp\/v2\/media\/9181"}],"wp:attachment":[{"href":"https:\/\/www.adnijoga.hu\/en\/wp-json\/wp\/v2\/media?parent=8710"}],"wp:term":[{"taxonomy":"product_brand","embeddable":true,"href":"https:\/\/www.adnijoga.hu\/en\/wp-json\/wp\/v2\/product_brand?post=8710"},{"taxonomy":"product_cat","embeddable":true,"href":"https:\/\/www.adnijoga.hu\/en\/wp-json\/wp\/v2\/product_cat?post=8710"},{"taxonomy":"product_tag","embeddable":true,"href":"https:\/\/www.adnijoga.hu\/en\/wp-json\/wp\/v2\/product_tag?post=8710"}],"curies":[{"name":"wp","href":"https:\/\/api.w.org\/{rel}","templated":true}]}}