{"id":6431,"date":"2024-02-21T10:49:37","date_gmt":"2024-02-21T09:49:37","guid":{"rendered":"https:\/\/www.adnijoga.hu\/?page_id=6431"},"modified":"2024-05-06T17:27:10","modified_gmt":"2024-05-06T16:27:10","slug":"jollet-het-landing","status":"publish","type":"page","link":"https:\/\/www.adnijoga.hu\/en\/jollet-het-landing\/","title":{"rendered":"J\u00f3ll\u00e9t H\u00e9t C\u00e9geknek"},"content":{"rendered":"\t\t<div data-elementor-type=\"wp-page\" data-elementor-id=\"6431\" class=\"elementor elementor-6431\" data-elementor-post-type=\"page\">\n\t\t\t\t\t\t<section class=\"elementor-section elementor-top-section elementor-element elementor-element-35f5e3a elementor-section-boxed elementor-section-height-default elementor-section-height-default\" data-id=\"35f5e3a\" data-element_type=\"section\" data-e-type=\"section\">\n\t\t\t\t\t\t<div class=\"elementor-container elementor-column-gap-default\">\n\t\t\t\t\t<div class=\"elementor-column elementor-col-100 elementor-top-column elementor-element elementor-element-673962e\" data-id=\"673962e\" data-element_type=\"column\" data-e-type=\"column\">\n\t\t\t<div class=\"elementor-widget-wrap elementor-element-populated\">\n\t\t\t\t\t\t<div class=\"elementor-element elementor-element-43b8ab9 elementor-widget elementor-widget-heading\" data-id=\"43b8ab9\" data-element_type=\"widget\" data-e-type=\"widget\" data-widget_type=\"heading.default\">\n\t\t\t\t<div class=\"elementor-widget-container\">\n\t\t\t\t\t<h2 class=\"elementor-heading-title elementor-size-default\">J\u00d3LL\u00c9T H\u00c9T<\/h2>\t\t\t\t<\/div>\n\t\t\t\t<\/div>\n\t\t\t\t<div class=\"elementor-element elementor-element-37a5470 elementor-widget elementor-widget-heading\" data-id=\"37a5470\" data-element_type=\"widget\" data-e-type=\"widget\" data-widget_type=\"heading.default\">\n\t\t\t\t<div class=\"elementor-widget-container\">\n\t\t\t\t\t<h2 class=\"elementor-heading-title elementor-size-default\">\u2013\u2013 j\u00f3l lenni \u00e9s j\u00f3t tenni \u2013\u2013<\/h2>\t\t\t\t<\/div>\n\t\t\t\t<\/div>\n\t\t\t\t<div class=\"elementor-element elementor-element-b1d69e5 elementor-widget elementor-widget-text-editor\" data-id=\"b1d69e5\" data-element_type=\"widget\" data-e-type=\"widget\" data-widget_type=\"text-editor.default\">\n\t\t\t\t<div class=\"elementor-widget-container\">\n\t\t\t\t\t\t\t\t\t<p>Az <strong>AdniJ\u00f3ga<\/strong> egy olyan <strong>t\u00e1rsadalmi v\u00e1llalkoz\u00e1s<\/strong>, ahol h\u00e1tr\u00e1nyos helyzetb\u0151l indul\u00f3 csoportokhoz juttatjuk el a j\u00f3ga pozit\u00edv ment\u00e1lis \u00e9s fizikai hat\u00e1sait \u00fagy, hogy k\u00f6zben irodai dolgoz\u00f3knak ny\u00fajtott <strong>szolg\u00e1ltat\u00e1sokb\u00f3l fedezz\u00fck t\u00e1rsadalmi misszi\u00f3nkat<\/strong>.<\/p>\t\t\t\t\t\t\t\t<\/div>\n\t\t\t\t<\/div>\n\t\t\t\t\t<\/div>\n\t\t<\/div>\n\t\t\t\t\t<\/div>\n\t\t<\/section>\n\t\t\t\t<section class=\"elementor-section elementor-top-section elementor-element elementor-element-763003f elementor-section-boxed elementor-section-height-default elementor-section-height-default\" data-id=\"763003f\" data-element_type=\"section\" data-e-type=\"section\">\n\t\t\t\t\t\t<div class=\"elementor-container elementor-column-gap-default\">\n\t\t\t\t\t<div class=\"elementor-column elementor-col-100 elementor-top-column elementor-element elementor-element-fb23f30\" data-id=\"fb23f30\" data-element_type=\"column\" data-e-type=\"column\" data-settings=\"{&quot;background_background&quot;:&quot;classic&quot;}\">\n\t\t\t<div class=\"elementor-widget-wrap elementor-element-populated\">\n\t\t\t\t\t\t<div class=\"elementor-element elementor-element-7dc45ec elementor-widget elementor-widget-heading\" data-id=\"7dc45ec\" data-element_type=\"widget\" data-e-type=\"widget\" data-widget_type=\"heading.default\">\n\t\t\t\t<div class=\"elementor-widget-container\">\n\t\t\t\t\t<h2 class=\"elementor-heading-title elementor-size-default\">Csatlakozz a c\u00e9geknek kifejlesztett 5 napos Ment\u00e1lis J\u00f3ll\u00e9t Kih\u00edv\u00e1shoz, ahol:<\/h2>\t\t\t\t<\/div>\n\t\t\t\t<\/div>\n\t\t\t\t<div class=\"elementor-element elementor-element-ea4487c elementor-widget elementor-widget-text-editor\" data-id=\"ea4487c\" data-element_type=\"widget\" data-e-type=\"widget\" data-widget_type=\"text-editor.default\">\n\t\t\t\t<div class=\"elementor-widget-container\">\n\t\t\t\t\t\t\t\t\t<div id=\"C01C83T42MS-1707139592.259099-thread-list-Thread_1707139592.259099\" class=\"c-virtual_list__item\" tabindex=\"0\" role=\"listitem\" aria-setsize=\"-1\" data-qa=\"virtual-list-item\" data-item-key=\"1707139592.259099\"><div class=\"c-message_kit__background c-message_kit__message c-message_kit__thread_message c-message_kit__thread_message--root\" role=\"presentation\" data-qa=\"message_container\" data-qa-unprocessed=\"false\" data-qa-placeholder=\"false\"><div class=\"c-message_kit__hover\" role=\"document\" aria-roledescription=\"message\" data-qa-hover=\"true\"><div class=\"c-message_kit__actions c-message_kit__actions--inside\"><div class=\"c-message_kit__gutter\"><div class=\"c-message_kit__gutter__right\" role=\"presentation\" data-qa=\"message_content\"><div class=\"c-message_kit__blocks c-message_kit__blocks--rich_text\"><div class=\"c-message__message_blocks c-message__message_blocks--rich_text\" data-qa=\"message-text\"><div class=\"p-block_kit_renderer\" data-qa=\"block-kit-renderer\"><div class=\"p-block_kit_renderer__block_wrapper p-block_kit_renderer__block_wrapper--first\"><div class=\"p-rich_text_block\" dir=\"auto\"><ul><li><strong>\u00f6t k\u00fcl\u00f6nb\u00f6z\u0151 t\u00e9m\u00e1ban<\/strong> tesz\u00fcnk el\u00e9rhet\u0151v\u00e9 izgalmas, sz\u00f3rakoztat\u00f3 \u00e9s edukat\u00edv <strong>tartalmakat<\/strong><\/li><li><strong>korl\u00e1tlan sz\u00e1m\u00fa munkav\u00e1llal\u00f3<\/strong> vehet r\u00e9szt, mindezt <strong>online<\/strong><\/li><li>a dolgoz\u00f3k <strong>\u00f6t, de ak\u00e1r \u00f6tven percet<\/strong> is t\u00f6lthetnek az adott t\u00e9m\u00e1val <strong>naponta<\/strong>, mert az \u00fat a fontos, nem a meg\u00e9rkez\u00e9s<\/li><\/ul><\/div><\/div><\/div><\/div><\/div><\/div><\/div><\/div><\/div><\/div><\/div>\t\t\t\t\t\t\t\t<\/div>\n\t\t\t\t<\/div>\n\t\t\t\t\t<\/div>\n\t\t<\/div>\n\t\t\t\t\t<\/div>\n\t\t<\/section>\n\t\t\t\t<section class=\"elementor-section elementor-top-section elementor-element elementor-element-3bcbfc4 elementor-section-boxed elementor-section-height-default elementor-section-height-default\" data-id=\"3bcbfc4\" data-element_type=\"section\" data-e-type=\"section\">\n\t\t\t\t\t\t<div class=\"elementor-container elementor-column-gap-default\">\n\t\t\t\t\t<div class=\"elementor-column elementor-col-100 elementor-top-column elementor-element elementor-element-27fc57c\" data-id=\"27fc57c\" data-element_type=\"column\" data-e-type=\"column\">\n\t\t\t<div class=\"elementor-widget-wrap elementor-element-populated\">\n\t\t\t\t\t\t<div class=\"elementor-element elementor-element-b5cb834 elementor-align-center elementor-widget elementor-widget-button\" data-id=\"b5cb834\" data-element_type=\"widget\" data-e-type=\"widget\" data-widget_type=\"button.default\">\n\t\t\t\t<div class=\"elementor-widget-container\">\n\t\t\t\t\t\t\t\t\t<div class=\"elementor-button-wrapper\">\n\t\t\t\t\t<a class=\"elementor-button elementor-button-link elementor-size-sm\" href=\"#kontakt\">\n\t\t\t\t\t\t<span class=\"elementor-button-content-wrapper\">\n\t\t\t\t\t\t\t\t\t<span class=\"elementor-button-text\">\u00c9RDEKEL<\/span>\n\t\t\t\t\t<\/span>\n\t\t\t\t\t<\/a>\n\t\t\t\t<\/div>\n\t\t\t\t\t\t\t\t<\/div>\n\t\t\t\t<\/div>\n\t\t\t\t\t<\/div>\n\t\t<\/div>\n\t\t\t\t\t<\/div>\n\t\t<\/section>\n\t\t\t\t<section class=\"elementor-section elementor-top-section elementor-element elementor-element-c8ba94d elementor-section-boxed elementor-section-height-default elementor-section-height-default\" data-id=\"c8ba94d\" data-element_type=\"section\" data-e-type=\"section\">\n\t\t\t\t\t\t<div class=\"elementor-container elementor-column-gap-default\">\n\t\t\t\t\t<div class=\"elementor-column elementor-col-100 elementor-top-column elementor-element elementor-element-4293f79\" data-id=\"4293f79\" data-element_type=\"column\" data-e-type=\"column\">\n\t\t\t<div class=\"elementor-widget-wrap elementor-element-populated\">\n\t\t\t\t\t\t<div class=\"elementor-element elementor-element-4cbf2fd elementor-widget elementor-widget-image\" data-id=\"4cbf2fd\" data-element_type=\"widget\" data-e-type=\"widget\" data-widget_type=\"image.default\">\n\t\t\t\t<div class=\"elementor-widget-container\">\n\t\t\t\t\t\t\t\t\t\t\t\t\t\t\t<img fetchpriority=\"high\" decoding=\"async\" width=\"1410\" height=\"2000\" src=\"https:\/\/www.adnijoga.hu\/wp-content\/uploads\/2024\/02\/Jollet-Het-kiajanlo.webp\" class=\"attachment-full size-full wp-image-6434\" alt=\"AdniJ\u00f3ga C\u00e9ges J\u00f3ll\u00e9t H\u00e9t Kih\u00edv\u00e1s\" srcset=\"https:\/\/www.adnijoga.hu\/wp-content\/uploads\/2024\/02\/Jollet-Het-kiajanlo.webp 1410w, https:\/\/www.adnijoga.hu\/wp-content\/uploads\/2024\/02\/Jollet-Het-kiajanlo-212x300.webp 212w, https:\/\/www.adnijoga.hu\/wp-content\/uploads\/2024\/02\/Jollet-Het-kiajanlo-722x1024.webp 722w, https:\/\/www.adnijoga.hu\/wp-content\/uploads\/2024\/02\/Jollet-Het-kiajanlo-768x1089.webp 768w, https:\/\/www.adnijoga.hu\/wp-content\/uploads\/2024\/02\/Jollet-Het-kiajanlo-1083x1536.webp 1083w, https:\/\/www.adnijoga.hu\/wp-content\/uploads\/2024\/02\/Jollet-Het-kiajanlo-8x12.webp 8w, https:\/\/www.adnijoga.hu\/wp-content\/uploads\/2024\/02\/Jollet-Het-kiajanlo-600x851.webp 600w\" sizes=\"(max-width: 1410px) 100vw, 1410px\" \/>\t\t\t\t\t\t\t\t\t\t\t\t\t\t\t<\/div>\n\t\t\t\t<\/div>\n\t\t\t\t\t<\/div>\n\t\t<\/div>\n\t\t\t\t\t<\/div>\n\t\t<\/section>\n\t\t\t\t<section class=\"elementor-section elementor-top-section elementor-element elementor-element-d56c324 elementor-section-boxed elementor-section-height-default elementor-section-height-default\" data-id=\"d56c324\" data-element_type=\"section\" data-e-type=\"section\">\n\t\t\t\t\t\t<div class=\"elementor-container elementor-column-gap-default\">\n\t\t\t\t\t<div class=\"elementor-column elementor-col-100 elementor-top-column elementor-element elementor-element-3898272\" data-id=\"3898272\" data-element_type=\"column\" data-e-type=\"column\">\n\t\t\t<div class=\"elementor-widget-wrap elementor-element-populated\">\n\t\t\t\t\t\t<div class=\"elementor-element elementor-element-fab4612 elementor-widget elementor-widget-heading\" data-id=\"fab4612\" data-element_type=\"widget\" data-e-type=\"widget\" data-widget_type=\"heading.default\">\n\t\t\t\t<div class=\"elementor-widget-container\">\n\t\t\t\t\t<h2 class=\"elementor-heading-title elementor-size-default\">EGY ILYEN MUNKAHELYI PROGRAM NEM CSAK AZ EGY\u00c9N SZ\u00c1M\u00c1RA FONTOS, DE...<\/h2>\t\t\t\t<\/div>\n\t\t\t\t<\/div>\n\t\t\t\t<div class=\"elementor-element elementor-element-a996e55 elementor-hidden-desktop elementor-hidden-tablet elementor-widget elementor-widget-image\" data-id=\"a996e55\" data-element_type=\"widget\" data-e-type=\"widget\" data-widget_type=\"image.default\">\n\t\t\t\t<div class=\"elementor-widget-container\">\n\t\t\t\t\t\t\t\t\t\t\t\t\t\t\t<img decoding=\"async\" width=\"1263\" height=\"244\" src=\"https:\/\/www.adnijoga.hu\/wp-content\/uploads\/2024\/02\/1-1-e1708945142810.webp\" class=\"attachment-full size-full wp-image-6435\" alt=\"AdniJ\u00f3ga C\u00e9ges J\u00f3ll\u00e9t H\u00e9t Kih\u00edv\u00e1s\" srcset=\"https:\/\/www.adnijoga.hu\/wp-content\/uploads\/2024\/02\/1-1-e1708945142810.webp 1263w, https:\/\/www.adnijoga.hu\/wp-content\/uploads\/2024\/02\/1-1-e1708945142810-300x58.webp 300w, https:\/\/www.adnijoga.hu\/wp-content\/uploads\/2024\/02\/1-1-e1708945142810-1024x198.webp 1024w, https:\/\/www.adnijoga.hu\/wp-content\/uploads\/2024\/02\/1-1-e1708945142810-768x148.webp 768w, https:\/\/www.adnijoga.hu\/wp-content\/uploads\/2024\/02\/1-1-e1708945142810-18x3.webp 18w, https:\/\/www.adnijoga.hu\/wp-content\/uploads\/2024\/02\/1-1-e1708945142810-600x116.webp 600w\" sizes=\"(max-width: 1263px) 100vw, 1263px\" \/>\t\t\t\t\t\t\t\t\t\t\t\t\t\t\t<\/div>\n\t\t\t\t<\/div>\n\t\t\t\t<div class=\"elementor-element elementor-element-7d335d5 elementor-widget elementor-widget-image\" data-id=\"7d335d5\" data-element_type=\"widget\" data-e-type=\"widget\" data-widget_type=\"image.default\">\n\t\t\t\t<div class=\"elementor-widget-container\">\n\t\t\t\t\t\t\t\t\t\t\t\t\t\t\t<img decoding=\"async\" width=\"1263\" height=\"244\" src=\"https:\/\/www.adnijoga.hu\/wp-content\/uploads\/2024\/02\/1-1-e1708945142810.webp\" class=\"attachment-full size-full wp-image-6435\" alt=\"AdniJ\u00f3ga C\u00e9ges J\u00f3ll\u00e9t H\u00e9t Kih\u00edv\u00e1s\" srcset=\"https:\/\/www.adnijoga.hu\/wp-content\/uploads\/2024\/02\/1-1-e1708945142810.webp 1263w, https:\/\/www.adnijoga.hu\/wp-content\/uploads\/2024\/02\/1-1-e1708945142810-300x58.webp 300w, https:\/\/www.adnijoga.hu\/wp-content\/uploads\/2024\/02\/1-1-e1708945142810-1024x198.webp 1024w, https:\/\/www.adnijoga.hu\/wp-content\/uploads\/2024\/02\/1-1-e1708945142810-768x148.webp 768w, https:\/\/www.adnijoga.hu\/wp-content\/uploads\/2024\/02\/1-1-e1708945142810-18x3.webp 18w, https:\/\/www.adnijoga.hu\/wp-content\/uploads\/2024\/02\/1-1-e1708945142810-600x116.webp 600w\" sizes=\"(max-width: 1263px) 100vw, 1263px\" \/>\t\t\t\t\t\t\t\t\t\t\t\t\t\t\t<\/div>\n\t\t\t\t<\/div>\n\t\t\t\t<div class=\"elementor-element elementor-element-8696433 elementor-widget elementor-widget-menu-anchor\" data-id=\"8696433\" data-element_type=\"widget\" data-e-type=\"widget\" data-widget_type=\"menu-anchor.default\">\n\t\t\t\t<div class=\"elementor-widget-container\">\n\t\t\t\t\t\t\t<div class=\"elementor-menu-anchor\" id=\"kontakt\"><\/div>\n\t\t\t\t\t\t<\/div>\n\t\t\t\t<\/div>\n\t\t\t\t\t<\/div>\n\t\t<\/div>\n\t\t\t\t\t<\/div>\n\t\t<\/section>\n\t\t\t\t<section class=\"elementor-section elementor-top-section elementor-element elementor-element-a70d58f elementor-section-boxed elementor-section-height-default elementor-section-height-default\" data-id=\"a70d58f\" data-element_type=\"section\" data-e-type=\"section\">\n\t\t\t\t\t\t<div class=\"elementor-container elementor-column-gap-default\">\n\t\t\t\t\t<div class=\"elementor-column elementor-col-100 elementor-top-column elementor-element elementor-element-4e6e3be\" data-id=\"4e6e3be\" data-element_type=\"column\" data-e-type=\"column\" data-settings=\"{&quot;background_background&quot;:&quot;classic&quot;}\">\n\t\t\t<div class=\"elementor-widget-wrap elementor-element-populated\">\n\t\t\t\t\t\t<div class=\"elementor-element elementor-element-3177ca0 elementor-widget elementor-widget-text-editor\" data-id=\"3177ca0\" data-element_type=\"widget\" data-e-type=\"widget\" data-widget_type=\"text-editor.default\">\n\t\t\t\t<div class=\"elementor-widget-container\">\n\t\t\t\t\t\t\t\t\t<p>Ha felkeltette \u00e9rdekl\u0151d\u00e9sedet a J\u00f3ll\u00e9t H\u00e9t kih\u00edv\u00e1s, az al\u00e1bbi form kit\u00f6lt\u00e9s\u00e9vel elk\u00fcldj\u00fck Neked a kiaj\u00e1nl\u00f3t, amit a koll\u00e9g\u00e1knak is megmutathatsz!<\/p>\t\t\t\t\t\t\t\t<\/div>\n\t\t\t\t<\/div>\n\t\t\t\t<div class=\"elementor-element elementor-element-666ebe2 elementor-button-align-center elementor-widget elementor-widget-form\" data-id=\"666ebe2\" data-element_type=\"widget\" data-e-type=\"widget\" data-settings=\"{&quot;step_next_label&quot;:&quot;K\\u00f6vetkez\\u0151&quot;,&quot;step_previous_label&quot;:&quot;El\\u0151z\\u0151&quot;,&quot;button_width&quot;:&quot;100&quot;,&quot;step_type&quot;:&quot;number_text&quot;,&quot;step_icon_shape&quot;:&quot;circle&quot;}\" data-widget_type=\"form.default\">\n\t\t\t\t<div class=\"elementor-widget-container\">\n\t\t\t\t\t\t\t<form class=\"elementor-form\" method=\"post\" name=\"\u00daj \u0171rlap\" aria-label=\"\u00daj \u0171rlap\">\n\t\t\t<input type=\"hidden\" name=\"post_id\" value=\"6431\"\/>\n\t\t\t<input type=\"hidden\" name=\"form_id\" value=\"666ebe2\"\/>\n\t\t\t<input type=\"hidden\" name=\"referer_title\" value=\"J\u00f3ll\u00e9t H\u00e9t C\u00e9geknek - AdniJ\u00f3ga\" \/>\n\n\t\t\t\t\t\t\t<input type=\"hidden\" name=\"queried_id\" value=\"6431\"\/>\n\t\t\t\n\t\t\t<div class=\"elementor-form-fields-wrapper elementor-labels-above\">\n\t\t\t\t\t\t\t\t<div class=\"elementor-field-type-text elementor-field-group elementor-column elementor-field-group-name elementor-col-50 elementor-field-required elementor-mark-required\">\n\t\t\t\t\t\t\t\t\t\t\t\t<label for=\"form-field-name\" class=\"elementor-field-label\">\n\t\t\t\t\t\t\t\tN\u00e9v\t\t\t\t\t\t\t<\/label>\n\t\t\t\t\t\t\t\t\t\t\t\t\t\t<input size=\"1\" type=\"text\" name=\"form_fields[name]\" id=\"form-field-name\" class=\"elementor-field elementor-size-xs  elementor-field-textual\" required=\"required\">\n\t\t\t\t\t\t\t\t\t\t\t<\/div>\n\t\t\t\t\t\t\t\t<div class=\"elementor-field-type-text elementor-field-group elementor-column elementor-field-group-field_7f08b4c elementor-col-50 elementor-field-required elementor-mark-required\">\n\t\t\t\t\t\t\t\t\t\t\t\t<label for=\"form-field-field_7f08b4c\" class=\"elementor-field-label\">\n\t\t\t\t\t\t\t\tC\u00e9g\t\t\t\t\t\t\t<\/label>\n\t\t\t\t\t\t\t\t\t\t\t\t\t\t<input size=\"1\" type=\"text\" name=\"form_fields[field_7f08b4c]\" id=\"form-field-field_7f08b4c\" class=\"elementor-field elementor-size-xs  elementor-field-textual\" required=\"required\">\n\t\t\t\t\t\t\t\t\t\t\t<\/div>\n\t\t\t\t\t\t\t\t<div class=\"elementor-field-type-email elementor-field-group elementor-column elementor-field-group-email elementor-col-50 elementor-field-required elementor-mark-required\">\n\t\t\t\t\t\t\t\t\t\t\t\t<label for=\"form-field-email\" class=\"elementor-field-label\">\n\t\t\t\t\t\t\t\tEmail\t\t\t\t\t\t\t<\/label>\n\t\t\t\t\t\t\t\t\t\t\t\t\t\t<input size=\"1\" type=\"email\" name=\"form_fields[email]\" id=\"form-field-email\" class=\"elementor-field elementor-size-xs  elementor-field-textual\" required=\"required\">\n\t\t\t\t\t\t\t\t\t\t\t<\/div>\n\t\t\t\t\t\t\t\t<div class=\"elementor-field-type-tel elementor-field-group elementor-column elementor-field-group-field_eadd394 elementor-col-50 elementor-field-required elementor-mark-required\">\n\t\t\t\t\t\t\t\t\t\t\t\t<label for=\"form-field-field_eadd394\" class=\"elementor-field-label\">\n\t\t\t\t\t\t\t\tTelefonsz\u00e1m\t\t\t\t\t\t\t<\/label>\n\t\t\t\t\t\t\t\t<input size=\"1\" type=\"tel\" name=\"form_fields[field_eadd394]\" id=\"form-field-field_eadd394\" class=\"elementor-field elementor-size-xs  elementor-field-textual\" required=\"required\" pattern=\"[0-9()#&amp;+*-=.]+\" title=\"Only numbers and phone characters (#, -, *, etc) are accepted.\">\n\n\t\t\t\t\t\t<\/div>\n\t\t\t\t\t\t\t\t<div class=\"elementor-field-type-acceptance elementor-field-group elementor-column elementor-field-group-field_b9a4732 elementor-col-100 elementor-field-required elementor-mark-required\">\n\t\t\t\t\t\t\t<div class=\"elementor-field-subgroup\">\n\t\t\t<span class=\"elementor-field-option\">\n\t\t\t\t<input type=\"checkbox\" name=\"form_fields[field_b9a4732]\" id=\"form-field-field_b9a4732\" class=\"elementor-field elementor-size-xs  elementor-acceptance-field\" required=\"required\" checked=\"checked\">\n\t\t\t\t<label for=\"form-field-field_b9a4732\">Az  <a href=\"https:\/\/www.adnijoga.hu\/wp-content\/uploads\/2021\/05\/Adatkezelesi-tajekoztato-Adni-Joga-Alapitvany-2021.pdf\">  <b>Adatkezel\u00e9si t\u00e1j\u00e9koztat\u00f3t <\/a> <\/b> elfogadom. Az itt megadott adataidat bizalmasan, GDPR adatv\u00e9delmi szab\u00e1lyzatunk alapj\u00e1n kezelj\u00fck.<\/label>\t\t\t<\/span>\n\t\t<\/div>\n\t\t\t\t\t\t<\/div>\n\t\t\t\t\t\t\t\t<div class=\"elementor-field-group elementor-column elementor-field-type-submit elementor-col-100 e-form__buttons\">\n\t\t\t\t\t<button class=\"elementor-button elementor-size-sm\" type=\"submit\">\n\t\t\t\t\t\t<span class=\"elementor-button-content-wrapper\">\n\t\t\t\t\t\t\t\t\t\t\t\t\t\t\t\t\t\t\t\t\t\t<span class=\"elementor-button-text\">K\u00e9rem a bemutatkoz\u00f3t!<\/span>\n\t\t\t\t\t\t\t\t\t\t\t\t\t<\/span>\n\t\t\t\t\t<\/button>\n\t\t\t\t<\/div>\n\t\t\t<\/div>\n\t\t<\/form>\n\t\t\t\t\t\t<\/div>\n\t\t\t\t<\/div>\n\t\t\t\t\t<\/div>\n\t\t<\/div>\n\t\t\t\t\t<\/div>\n\t\t<\/section>\n\t\t\t\t<\/div>\n\t\t","protected":false},"excerpt":{"rendered":"<p>J\u00d3LL\u00c9T H\u00c9T \u2013\u2013 j\u00f3l lenni \u00e9s j\u00f3t tenni \u2013\u2013 Az AdniJ\u00f3ga egy olyan t\u00e1rsadalmi v\u00e1llalkoz\u00e1s, ahol h\u00e1tr\u00e1nyos helyzetb\u0151l indul\u00f3 csoportokhoz juttatjuk el a j\u00f3ga pozit\u00edv ment\u00e1lis \u00e9s fizikai hat\u00e1sait \u00fagy, hogy k\u00f6zben irodai dolgoz\u00f3knak ny\u00fajtott szolg\u00e1ltat\u00e1sokb\u00f3l fedezz\u00fck t\u00e1rsadalmi misszi\u00f3nkat. Csatlakozz a c\u00e9geknek kifejlesztett 5 napos Ment\u00e1lis J\u00f3ll\u00e9t Kih\u00edv\u00e1shoz, ahol: \u00f6t k\u00fcl\u00f6nb\u00f6z\u0151 t\u00e9m\u00e1ban tesz\u00fcnk el\u00e9rhet\u0151v\u00e9 izgalmas, [&hellip;]<\/p>\n","protected":false},"author":7,"featured_media":0,"parent":0,"menu_order":0,"comment_status":"closed","ping_status":"closed","template":"","meta":{"protect_children":false,"_monsterinsights_skip_tracking":false,"_monsterinsights_sitenote_active":false,"_monsterinsights_sitenote_note":"","_monsterinsights_sitenote_category":0,"site-sidebar-layout":"no-sidebar","site-content-layout":"page-builder","ast-site-content-layout":"default","site-content-style":"default","site-sidebar-style":"default","ast-global-header-display":"","ast-banner-title-visibility":"","ast-main-header-display":"","ast-hfb-above-header-display":"","ast-hfb-below-header-display":"","ast-hfb-mobile-header-display":"","site-post-title":"disabled","ast-breadcrumbs-content":"","ast-featured-img":"disabled","footer-sml-layout":"","ast-disable-related-posts":"","theme-transparent-header-meta":"","adv-header-id-meta":"","stick-header-meta":"","header-above-stick-meta":"","header-main-stick-meta":"","header-below-stick-meta":"","astra-migrate-meta-layouts":"default","ast-page-background-enabled":"default","ast-page-background-meta":{"desktop":{"background-color":"","background-image":"","background-repeat":"repeat","background-position":"center center","background-size":"auto","background-attachment":"scroll","background-type":"","background-media":"","overlay-type":"","overlay-color":"","overlay-opacity":"","overlay-gradient":""},"tablet":{"background-color":"","background-image":"","background-repeat":"repeat","background-position":"center center","background-size":"auto","background-attachment":"scroll","background-type":"","background-media":"","overlay-type":"","overlay-color":"","overlay-opacity":"","overlay-gradient":""},"mobile":{"background-color":"","background-image":"","background-repeat":"repeat","background-position":"center center","background-size":"auto","background-attachment":"scroll","background-type":"","background-media":"","overlay-type":"","overlay-color":"","overlay-opacity":"","overlay-gradient":""}},"ast-content-background-meta":{"desktop":{"background-color":"var(--ast-global-color-5)","background-image":"","background-repeat":"repeat","background-position":"center center","background-size":"auto","background-attachment":"scroll","background-type":"","background-media":"","overlay-type":"","overlay-color":"","overlay-opacity":"","overlay-gradient":""},"tablet":{"background-color":"var(--ast-global-color-5)","background-image":"","background-repeat":"repeat","background-position":"center center","background-size":"auto","background-attachment":"scroll","background-type":"","background-media":"","overlay-type":"","overlay-color":"","overlay-opacity":"","overlay-gradient":""},"mobile":{"background-color":"var(--ast-global-color-5)","background-image":"","background-repeat":"repeat","background-position":"center center","background-size":"auto","background-attachment":"scroll","background-type":"","background-media":"","overlay-type":"","overlay-color":"","overlay-opacity":"","overlay-gradient":""}},"footnotes":""},"class_list":["post-6431","page","type-page","status-publish","hentry"],"_links":{"self":[{"href":"https:\/\/www.adnijoga.hu\/en\/wp-json\/wp\/v2\/pages\/6431","targetHints":{"allow":["GET"]}}],"collection":[{"href":"https:\/\/www.adnijoga.hu\/en\/wp-json\/wp\/v2\/pages"}],"about":[{"href":"https:\/\/www.adnijoga.hu\/en\/wp-json\/wp\/v2\/types\/page"}],"author":[{"embeddable":true,"href":"https:\/\/www.adnijoga.hu\/en\/wp-json\/wp\/v2\/users\/7"}],"replies":[{"embeddable":true,"href":"https:\/\/www.adnijoga.hu\/en\/wp-json\/wp\/v2\/comments?post=6431"}],"version-history":[{"count":44,"href":"https:\/\/www.adnijoga.hu\/en\/wp-json\/wp\/v2\/pages\/6431\/revisions"}],"predecessor-version":[{"id":6800,"href":"https:\/\/www.adnijoga.hu\/en\/wp-json\/wp\/v2\/pages\/6431\/revisions\/6800"}],"wp:attachment":[{"href":"https:\/\/www.adnijoga.hu\/en\/wp-json\/wp\/v2\/media?parent=6431"}],"curies":[{"name":"wp","href":"https:\/\/api.w.org\/{rel}","templated":true}]}}