{"id":2646,"date":"2021-07-20T13:26:25","date_gmt":"2021-07-20T12:26:25","guid":{"rendered":"https:\/\/www.adnijoga.hu\/?page_id=2646"},"modified":"2021-07-20T13:30:41","modified_gmt":"2021-07-20T12:30:41","slug":"pop-up-fizetes","status":"publish","type":"page","link":"https:\/\/www.adnijoga.hu\/en\/pop-up-fizetes\/","title":{"rendered":"Pop-up fizet\u00e9s"},"content":{"rendered":"<div data-elementor-type=\"wp-page\" data-elementor-id=\"2646\" class=\"elementor elementor-2646\" data-elementor-post-type=\"page\">\n\t\t\t\t\t\t<section class=\"elementor-section elementor-top-section elementor-element elementor-element-d3c3aef elementor-section-boxed elementor-section-height-default elementor-section-height-default\" data-id=\"d3c3aef\" data-element_type=\"section\" data-e-type=\"section\">\n\t\t\t\t\t\t<div class=\"elementor-container elementor-column-gap-default\">\n\t\t\t\t\t<div class=\"elementor-column elementor-col-100 elementor-top-column elementor-element elementor-element-003f302\" data-id=\"003f302\" data-element_type=\"column\" data-e-type=\"column\">\n\t\t\t<div class=\"elementor-widget-wrap elementor-element-populated\">\n\t\t\t\t\t\t<div class=\"elementor-element elementor-element-b7c31ec elementor-grid-3 elementor-product-loop-item--align-center elementor-grid-tablet-3 elementor-grid-mobile-2 elementor-products-grid elementor-wc-products elementor-widget elementor-widget-woocommerce-products\" data-id=\"b7c31ec\" data-element_type=\"widget\" data-e-type=\"widget\" data-widget_type=\"woocommerce-products.default\">\n\t\t\t\t<div class=\"elementor-widget-container\">\n\t\t\t\t\t<div class=\"woocommerce columns-3\"><ul class=\"products elementor-grid columns-3\">\n<li class=\"desktop-align-left tablet-align-left mobile-align-left product type-product post-8710 status-publish first outofstock product_cat-adomanyshop product_cat-add-tovabb-a-nyugalmat product_tag-jogaora has-post-thumbnail virtual purchasable product-type-simple\">\n\t<a href=\"https:\/\/www.adnijoga.hu\/en\/product\/jogaora-2\/\" class=\"woocommerce-LoopProduct-link woocommerce-loop-product__link\"><img fetchpriority=\"high\" decoding=\"async\" width=\"300\" height=\"300\" src=\"https:\/\/www.adnijoga.hu\/wp-content\/uploads\/2025\/11\/adnijoga-tamogatas-jogaora-300x300.png\" class=\"attachment-woocommerce_thumbnail size-woocommerce_thumbnail\" alt=\"\u00dcnnepi j\u00f3ga \u00e9s hangf\u00fcrd\u0151\" srcset=\"https:\/\/www.adnijoga.hu\/wp-content\/uploads\/2025\/11\/adnijoga-tamogatas-jogaora-300x300.png 300w, https:\/\/www.adnijoga.hu\/wp-content\/uploads\/2025\/11\/adnijoga-tamogatas-jogaora-150x150.png 150w, https:\/\/www.adnijoga.hu\/wp-content\/uploads\/2025\/11\/adnijoga-tamogatas-jogaora-768x768.png 768w, https:\/\/www.adnijoga.hu\/wp-content\/uploads\/2025\/11\/adnijoga-tamogatas-jogaora-12x12.png 12w, https:\/\/www.adnijoga.hu\/wp-content\/uploads\/2025\/11\/adnijoga-tamogatas-jogaora-700x700.png 700w, https:\/\/www.adnijoga.hu\/wp-content\/uploads\/2025\/11\/adnijoga-tamogatas-jogaora-600x600.png 600w, https:\/\/www.adnijoga.hu\/wp-content\/uploads\/2025\/11\/adnijoga-tamogatas-jogaora-100x100.png 100w, https:\/\/www.adnijoga.hu\/wp-content\/uploads\/2025\/11\/adnijoga-tamogatas-jogaora.png 940w\" sizes=\"(max-width: 300px) 100vw, 300px\" \/><h2 class=\"woocommerce-loop-product__title\">\u00dcnnepi j\u00f3ga \u00e9s hangf\u00fcrd\u0151<\/h2>\n\t<span class=\"price\"><span class=\"woocommerce-Price-amount amount\"><bdi>15 000&nbsp;<span class=\"woocommerce-Price-currencySymbol\">HUF<\/span><\/bdi><\/span><\/span>\n<\/a><a href=\"https:\/\/www.adnijoga.hu\/en\/product\/jogaora-2\/\" aria-describedby=\"woocommerce_loop_add_to_cart_link_describedby_8710\" data-quantity=\"1\" class=\"button product_type_simple\" data-product_id=\"8710\" data-product_sku=\"\" aria-label=\"Read more about \u201c\u00dcnnepi j\u00f3ga \u00e9s hangf\u00fcrd\u0151\u201d\" rel=\"nofollow\" data-success_message=\"\" data-no-translation=\"\" data-trp-gettext=\"\" data-no-translation-aria-label=\"\">Read more<\/a>\t<span id=\"woocommerce_loop_add_to_cart_link_describedby_8710\" class=\"screen-reader-text\">\n\t\t\t<\/span>\n<\/li>\n<li class=\"desktop-align-left tablet-align-left mobile-align-left product type-product post-8715 status-publish outofstock product_cat-adomanyshop product_cat-add-tovabb-a-nyugalmat product_tag-adventi-nyugi-posta has-post-thumbnail virtual purchasable product-type-simple\">\n\t<a href=\"https:\/\/www.adnijoga.hu\/en\/product\/adventi-nyugi-posta-2\/\" class=\"woocommerce-LoopProduct-link woocommerce-loop-product__link\"><img decoding=\"async\" width=\"300\" height=\"300\" src=\"https:\/\/www.adnijoga.hu\/wp-content\/uploads\/2025\/11\/adnijoga-tamogatas-adventi-nyugi-posta-300x300.png\" class=\"attachment-woocommerce_thumbnail size-woocommerce_thumbnail\" alt=\"Adventi Nyugi Posta\" srcset=\"https:\/\/www.adnijoga.hu\/wp-content\/uploads\/2025\/11\/adnijoga-tamogatas-adventi-nyugi-posta-300x300.png 300w, https:\/\/www.adnijoga.hu\/wp-content\/uploads\/2025\/11\/adnijoga-tamogatas-adventi-nyugi-posta-150x150.png 150w, https:\/\/www.adnijoga.hu\/wp-content\/uploads\/2025\/11\/adnijoga-tamogatas-adventi-nyugi-posta-768x768.png 768w, https:\/\/www.adnijoga.hu\/wp-content\/uploads\/2025\/11\/adnijoga-tamogatas-adventi-nyugi-posta-12x12.png 12w, https:\/\/www.adnijoga.hu\/wp-content\/uploads\/2025\/11\/adnijoga-tamogatas-adventi-nyugi-posta-700x700.png 700w, https:\/\/www.adnijoga.hu\/wp-content\/uploads\/2025\/11\/adnijoga-tamogatas-adventi-nyugi-posta-600x600.png 600w, https:\/\/www.adnijoga.hu\/wp-content\/uploads\/2025\/11\/adnijoga-tamogatas-adventi-nyugi-posta-100x100.png 100w, https:\/\/www.adnijoga.hu\/wp-content\/uploads\/2025\/11\/adnijoga-tamogatas-adventi-nyugi-posta.png 940w\" sizes=\"(max-width: 300px) 100vw, 300px\" \/><h2 class=\"woocommerce-loop-product__title\">Adventi Nyugi Posta<\/h2>\n\t<span class=\"price\"><span class=\"woocommerce-Price-amount amount\"><bdi>5 500&nbsp;<span class=\"woocommerce-Price-currencySymbol\">HUF<\/span><\/bdi><\/span><\/span>\n<\/a><a href=\"https:\/\/www.adnijoga.hu\/en\/product\/adventi-nyugi-posta-2\/\" aria-describedby=\"woocommerce_loop_add_to_cart_link_describedby_8715\" data-quantity=\"1\" class=\"button product_type_simple\" data-product_id=\"8715\" data-product_sku=\"\" aria-label=\"Read more about \u201cAdventi Nyugi Posta\u201d\" rel=\"nofollow\" data-success_message=\"\" data-no-translation=\"\" data-trp-gettext=\"\" data-no-translation-aria-label=\"\">Read more<\/a>\t<span id=\"woocommerce_loop_add_to_cart_link_describedby_8715\" class=\"screen-reader-text\">\n\t\t\t<\/span>\n<\/li>\n<li class=\"desktop-align-left tablet-align-left mobile-align-left product type-product post-8716 status-publish last instock product_cat-adomany-nyugi product_cat-add-tovabb-a-nyugalmat has-post-thumbnail virtual purchasable product-type-simple\">\n\t<a href=\"https:\/\/www.adnijoga.hu\/en\/product\/30-perc-nyugalom\/\" class=\"woocommerce-LoopProduct-link woocommerce-loop-product__link\"><img decoding=\"async\" width=\"300\" height=\"300\" src=\"https:\/\/www.adnijoga.hu\/wp-content\/uploads\/2025\/11\/adnijoga-tamogatas-30-perc-nyugalom-300x300.png\" class=\"attachment-woocommerce_thumbnail size-woocommerce_thumbnail\" alt=\"30 perc nyugalom\" srcset=\"https:\/\/www.adnijoga.hu\/wp-content\/uploads\/2025\/11\/adnijoga-tamogatas-30-perc-nyugalom-300x300.png 300w, https:\/\/www.adnijoga.hu\/wp-content\/uploads\/2025\/11\/adnijoga-tamogatas-30-perc-nyugalom-150x150.png 150w, https:\/\/www.adnijoga.hu\/wp-content\/uploads\/2025\/11\/adnijoga-tamogatas-30-perc-nyugalom-768x768.png 768w, https:\/\/www.adnijoga.hu\/wp-content\/uploads\/2025\/11\/adnijoga-tamogatas-30-perc-nyugalom-12x12.png 12w, https:\/\/www.adnijoga.hu\/wp-content\/uploads\/2025\/11\/adnijoga-tamogatas-30-perc-nyugalom-700x700.png 700w, https:\/\/www.adnijoga.hu\/wp-content\/uploads\/2025\/11\/adnijoga-tamogatas-30-perc-nyugalom-600x600.png 600w, https:\/\/www.adnijoga.hu\/wp-content\/uploads\/2025\/11\/adnijoga-tamogatas-30-perc-nyugalom-100x100.png 100w, https:\/\/www.adnijoga.hu\/wp-content\/uploads\/2025\/11\/adnijoga-tamogatas-30-perc-nyugalom.png 940w\" sizes=\"(max-width: 300px) 100vw, 300px\" \/><h2 class=\"woocommerce-loop-product__title\">30 perc nyugalom<\/h2>\n\t<span class=\"price\"><span class=\"woocommerce-Price-amount amount\"><bdi>2 500&nbsp;<span class=\"woocommerce-Price-currencySymbol\">HUF<\/span><\/bdi><\/span><\/span>\n<\/a><a href=\"\/en\/wp-json\/wp\/v2\/pages\/2646?add-to-cart=8716\" aria-describedby=\"woocommerce_loop_add_to_cart_link_describedby_8716\" data-quantity=\"1\" class=\"button product_type_simple add_to_cart_button ajax_add_to_cart\" data-product_id=\"8716\" data-product_sku=\"\" aria-label=\"Add to basket: \u201c30 perc nyugalom\u201d\" rel=\"nofollow\" data-success_message=\"\u201c30 perc nyugalom\u201d has been added to your cart\" role=\"button\" data-no-translation=\"\" data-trp-gettext=\"\" data-no-translation-aria-label=\"\" data-no-translation-data-success_message=\"\">Add to basket<\/a>\t<span id=\"woocommerce_loop_add_to_cart_link_describedby_8716\" class=\"screen-reader-text\">\n\t\t\t<\/span>\n<\/li>\n<\/ul>\n<\/div>\t\t\t\t<\/div>\n\t\t\t\t<\/div>\n\t\t\t\t\t<\/div>\n\t\t<\/div>\n\t\t\t\t\t<\/div>\n\t\t<\/section>\n\t\t\t\t<\/div>","protected":false},"excerpt":{"rendered":"","protected":false},"author":7,"featured_media":0,"parent":0,"menu_order":0,"comment_status":"closed","ping_status":"closed","template":"","meta":{"protect_children":false,"_monsterinsights_skip_tracking":false,"_monsterinsights_sitenote_active":false,"_monsterinsights_sitenote_note":"","_monsterinsights_sitenote_category":0,"site-sidebar-layout":"no-sidebar","site-content-layout":"page-builder","ast-site-content-layout":"default","site-content-style":"default","site-sidebar-style":"default","ast-global-header-display":"","ast-banner-title-visibility":"","ast-main-header-display":"","ast-hfb-above-header-display":"","ast-hfb-below-header-display":"","ast-hfb-mobile-header-display":"","site-post-title":"disabled","ast-breadcrumbs-content":"","ast-featured-img":"disabled","footer-sml-layout":"","ast-disable-related-posts":"","theme-transparent-header-meta":"default","adv-header-id-meta":"","stick-header-meta":"","header-above-stick-meta":"","header-main-stick-meta":"","header-below-stick-meta":"","astra-migrate-meta-layouts":"default","ast-page-background-enabled":"default","ast-page-background-meta":{"desktop":{"background-color":"","background-image":"","background-repeat":"repeat","background-position":"center center","background-size":"auto","background-attachment":"scroll","background-type":"","background-media":"","overlay-type":"","overlay-color":"","overlay-opacity":"","overlay-gradient":""},"tablet":{"background-color":"","background-image":"","background-repeat":"repeat","background-position":"center center","background-size":"auto","background-attachment":"scroll","background-type":"","background-media":"","overlay-type":"","overlay-color":"","overlay-opacity":"","overlay-gradient":""},"mobile":{"background-color":"","background-image":"","background-repeat":"repeat","background-position":"center center","background-size":"auto","background-attachment":"scroll","background-type":"","background-media":"","overlay-type":"","overlay-color":"","overlay-opacity":"","overlay-gradient":""}},"ast-content-background-meta":{"desktop":{"background-color":"var(--ast-global-color-5)","background-image":"","background-repeat":"repeat","background-position":"center center","background-size":"auto","background-attachment":"scroll","background-type":"","background-media":"","overlay-type":"","overlay-color":"","overlay-opacity":"","overlay-gradient":""},"tablet":{"background-color":"var(--ast-global-color-5)","background-image":"","background-repeat":"repeat","background-position":"center center","background-size":"auto","background-attachment":"scroll","background-type":"","background-media":"","overlay-type":"","overlay-color":"","overlay-opacity":"","overlay-gradient":""},"mobile":{"background-color":"var(--ast-global-color-5)","background-image":"","background-repeat":"repeat","background-position":"center center","background-size":"auto","background-attachment":"scroll","background-type":"","background-media":"","overlay-type":"","overlay-color":"","overlay-opacity":"","overlay-gradient":""}},"footnotes":""},"class_list":["post-2646","page","type-page","status-publish","hentry"],"_links":{"self":[{"href":"https:\/\/www.adnijoga.hu\/en\/wp-json\/wp\/v2\/pages\/2646","targetHints":{"allow":["GET"]}}],"collection":[{"href":"https:\/\/www.adnijoga.hu\/en\/wp-json\/wp\/v2\/pages"}],"about":[{"href":"https:\/\/www.adnijoga.hu\/en\/wp-json\/wp\/v2\/types\/page"}],"author":[{"embeddable":true,"href":"https:\/\/www.adnijoga.hu\/en\/wp-json\/wp\/v2\/users\/7"}],"replies":[{"embeddable":true,"href":"https:\/\/www.adnijoga.hu\/en\/wp-json\/wp\/v2\/comments?post=2646"}],"version-history":[{"count":0,"href":"https:\/\/www.adnijoga.hu\/en\/wp-json\/wp\/v2\/pages\/2646\/revisions"}],"wp:attachment":[{"href":"https:\/\/www.adnijoga.hu\/en\/wp-json\/wp\/v2\/media?parent=2646"}],"curies":[{"name":"wp","href":"https:\/\/api.w.org\/{rel}","templated":true}]}}