{"id":1495,"date":"2021-02-17T09:36:38","date_gmt":"2021-02-17T08:36:38","guid":{"rendered":"http:\/\/localhost\/?page_id=1495"},"modified":"2021-02-22T08:42:10","modified_gmt":"2021-02-22T07:42:10","slug":"appy-automata","status":"publish","type":"page","link":"https:\/\/www.adnijoga.hu\/en\/appy-automata\/","title":{"rendered":"Adom\u00e1nyautomata"},"content":{"rendered":"<div data-elementor-type=\"wp-page\" data-elementor-id=\"1495\" class=\"elementor elementor-1495\" data-elementor-post-type=\"page\">\n\t\t\t\t\t\t<section class=\"elementor-section elementor-top-section elementor-element elementor-element-d0b8309 elementor-section-boxed elementor-section-height-default elementor-section-height-default\" data-id=\"d0b8309\" data-element_type=\"section\" data-e-type=\"section\">\n\t\t\t\t\t\t<div class=\"elementor-container elementor-column-gap-default\">\n\t\t\t\t\t<div class=\"elementor-column elementor-col-100 elementor-top-column elementor-element elementor-element-77e2f0d\" data-id=\"77e2f0d\" data-element_type=\"column\" data-e-type=\"column\">\n\t\t\t<div class=\"elementor-widget-wrap elementor-element-populated\">\n\t\t\t\t\t\t<div class=\"elementor-element elementor-element-b1bc6cb elementor-widget elementor-widget-heading\" data-id=\"b1bc6cb\" data-element_type=\"widget\" data-e-type=\"widget\" data-widget_type=\"heading.default\">\n\t\t\t\t<div class=\"elementor-widget-container\">\n\t\t\t\t\t<h2 class=\"elementor-heading-title elementor-size-default\">Appy Adom\u00e1nyautomata<\/h2>\t\t\t\t<\/div>\n\t\t\t\t<\/div>\n\t\t\t\t<div class=\"elementor-element elementor-element-55f6b0c elementor-widget elementor-widget-image\" data-id=\"55f6b0c\" data-element_type=\"widget\" data-e-type=\"widget\" data-widget_type=\"image.default\">\n\t\t\t\t<div class=\"elementor-widget-container\">\n\t\t\t\t\t\t\t\t\t\t\t\t\t\t\t<img fetchpriority=\"high\" decoding=\"async\" width=\"960\" height=\"418\" src=\"https:\/\/www.adnijoga.hu\/wp-content\/uploads\/2021\/02\/image003.jpg\" class=\"attachment-large size-large wp-image-1497\" alt=\"\" srcset=\"https:\/\/www.adnijoga.hu\/wp-content\/uploads\/2021\/02\/image003.jpg 960w, https:\/\/www.adnijoga.hu\/wp-content\/uploads\/2021\/02\/image003-600x261.jpg 600w, https:\/\/www.adnijoga.hu\/wp-content\/uploads\/2021\/02\/image003-300x131.jpg 300w, https:\/\/www.adnijoga.hu\/wp-content\/uploads\/2021\/02\/image003-768x334.jpg 768w\" sizes=\"(max-width: 960px) 100vw, 960px\" \/>\t\t\t\t\t\t\t\t\t\t\t\t\t\t\t<\/div>\n\t\t\t\t<\/div>\n\t\t\t\t<section class=\"elementor-section elementor-inner-section elementor-element elementor-element-2682242 elementor-section-boxed elementor-section-height-default elementor-section-height-default\" data-id=\"2682242\" data-element_type=\"section\" data-e-type=\"section\">\n\t\t\t\t\t\t<div class=\"elementor-container elementor-column-gap-default\">\n\t\t\t\t\t<div class=\"elementor-column elementor-col-50 elementor-inner-column elementor-element elementor-element-6d7083d\" data-id=\"6d7083d\" data-element_type=\"column\" data-e-type=\"column\">\n\t\t\t<div class=\"elementor-widget-wrap elementor-element-populated\">\n\t\t\t\t\t\t<div class=\"elementor-element elementor-element-b604345 elementor-widget elementor-widget-text-editor\" data-id=\"b604345\" data-element_type=\"widget\" data-e-type=\"widget\" data-widget_type=\"text-editor.default\">\n\t\t\t\t<div class=\"elementor-widget-container\">\n\t\t\t\t\t\t\t\t\t<p><strong>Az <a href=\"https:\/\/appy.hu\/\" target=\"_blank\" rel=\"noopener\"> <strong >Appy<\/strong><\/a> k\u00f6z\u00f6ss\u00e9g\u00e9hez tartoz\u00f3 szervezetk\u00e9nt mi is r\u00e9szesei lehet\u00fcnk az Adom\u00e1nyautomata kezdem\u00e9nyez\u00e9snek!<\/strong><\/p>\n\n<p><em>&#8222;Kint hagyom, mi van a vil\u00e1gban, \u00e9s csak magamra figyelek. K\u00f6zben a testem is mozgatom, \u00e9s az \u00f6sszes fesz\u00fclts\u00e9get meg a f\u00e1jdalmat le tudom rakni.&#8221;\u00a0<\/em><\/p>\n\n<p>Egy j\u00f3ga\u00f3ra sor\u00e1n egy gyermek megtal\u00e1lhatja a l\u00e9gz\u00e9se szupererej\u00e9t, ellazulhat egy mes\u00e9t hallgatva \u00e9s koncentr\u00e1ci\u00f3ja j\u00e1t\u00e9kosan fejl\u0151dhet. A h\u00e1tr\u00e1nyb\u00f3l indul\u00f3, gyerekotthonokban, anyaotthonokban \u00e9l\u0151 gyerekek sz\u00e1m\u00e1ra \u00e1ltal\u00e1ban el\u00e9rhetetlenek a j\u00f3ga \u00e9s a medit\u00e1ci\u00f3 j\u00f3t\u00e9kony hat\u00e1sai. Seg\u00edts\u00e9geddel viszont most hozz\u00e1juk is eljut a j\u00f3ga pozit\u00edv ereje, mosolyra der\u00edtve a lelk\u00fcket.<\/p>\n\n<strong>Amennyiben 2000 Ft-al hozz\u00e1j\u00e1ruln\u00e1l, hogy egy neh\u00e9z sors\u00fa gyerekhez is eljuthasson a j\u00f3ga, t\u00e1mogass minket a gombra kattintva:<\/strong>\t\t\t\t\t\t\t\t<\/div>\n\t\t\t\t<\/div>\n\t\t\t\t\t<\/div>\n\t\t<\/div>\n\t\t\t\t<div class=\"elementor-column elementor-col-50 elementor-inner-column elementor-element elementor-element-f7cc1f7\" data-id=\"f7cc1f7\" data-element_type=\"column\" data-e-type=\"column\">\n\t\t\t<div class=\"elementor-widget-wrap elementor-element-populated\">\n\t\t\t\t\t\t<div class=\"elementor-element elementor-element-9ec2cfb elementor-widget elementor-widget-image\" data-id=\"9ec2cfb\" data-element_type=\"widget\" data-e-type=\"widget\" data-widget_type=\"image.default\">\n\t\t\t\t<div class=\"elementor-widget-container\">\n\t\t\t\t\t\t\t\t\t\t\t\t\t\t\t<img decoding=\"async\" width=\"1024\" height=\"919\" src=\"https:\/\/www.adnijoga.hu\/wp-content\/uploads\/2021\/02\/VAS0076-1-1024x919.jpeg\" class=\"attachment-large size-large wp-image-1498\" alt=\"\" srcset=\"https:\/\/www.adnijoga.hu\/wp-content\/uploads\/2021\/02\/VAS0076-1-1024x919.jpeg 1024w, https:\/\/www.adnijoga.hu\/wp-content\/uploads\/2021\/02\/VAS0076-1-600x539.jpeg 600w, https:\/\/www.adnijoga.hu\/wp-content\/uploads\/2021\/02\/VAS0076-1-300x269.jpeg 300w, https:\/\/www.adnijoga.hu\/wp-content\/uploads\/2021\/02\/VAS0076-1-768x689.jpeg 768w, https:\/\/www.adnijoga.hu\/wp-content\/uploads\/2021\/02\/VAS0076-1-1536x1379.jpeg 1536w, https:\/\/www.adnijoga.hu\/wp-content\/uploads\/2021\/02\/VAS0076-1.jpeg 2000w\" sizes=\"(max-width: 1024px) 100vw, 1024px\" \/>\t\t\t\t\t\t\t\t\t\t\t\t\t\t\t<\/div>\n\t\t\t\t<\/div>\n\t\t\t\t\t<\/div>\n\t\t<\/div>\n\t\t\t\t\t<\/div>\n\t\t<\/section>\n\t\t\t\t<div class=\"elementor-element elementor-element-796a412 elementor-widget elementor-widget-button\" data-id=\"796a412\" data-element_type=\"widget\" data-e-type=\"widget\" data-widget_type=\"button.default\">\n\t\t\t\t<div class=\"elementor-widget-container\">\n\t\t\t\t\t\t\t\t\t<div class=\"elementor-button-wrapper\">\n\t\t\t\t\t<a class=\"elementor-button elementor-button-link elementor-size-sm\" href=\"https:\/\/www.paypal.com\/donate?hosted_button_id=6U3PYJRQQXVLS\" target=\"_blank\">\n\t\t\t\t\t\t<span class=\"elementor-button-content-wrapper\">\n\t\t\t\t\t\t\t\t\t<span class=\"elementor-button-text\">Donate<\/span>\n\t\t\t\t\t<\/span>\n\t\t\t\t\t<\/a>\n\t\t\t\t<\/div>\n\t\t\t\t\t\t\t\t<\/div>\n\t\t\t\t<\/div>\n\t\t\t\t\t<\/div>\n\t\t<\/div>\n\t\t\t\t\t<\/div>\n\t\t<\/section>\n\t\t\t\t<\/div>","protected":false},"excerpt":{"rendered":"<p>Appy Adom\u00e1nyautomata Az Appy k\u00f6z\u00f6ss\u00e9g\u00e9hez tartoz\u00f3 szervezetk\u00e9nt mi is r\u00e9szesei lehet\u00fcnk az Adom\u00e1nyautomata kezdem\u00e9nyez\u00e9snek! &#8222;Kint hagyom, mi van a vil\u00e1gban, \u00e9s csak magamra figyelek. K\u00f6zben a testem is mozgatom, \u00e9s az \u00f6sszes fesz\u00fclts\u00e9get meg a f\u00e1jdalmat le tudom rakni.&#8221;\u00a0 Egy j\u00f3ga\u00f3ra sor\u00e1n egy gyermek megtal\u00e1lhatja a l\u00e9gz\u00e9se szupererej\u00e9t, ellazulhat egy mes\u00e9t hallgatva \u00e9s koncentr\u00e1ci\u00f3ja j\u00e1t\u00e9kosan [&hellip;]<\/p>\n","protected":false},"author":7,"featured_media":0,"parent":0,"menu_order":0,"comment_status":"closed","ping_status":"closed","template":"","meta":{"protect_children":false,"_monsterinsights_skip_tracking":false,"_monsterinsights_sitenote_active":false,"_monsterinsights_sitenote_note":"","_monsterinsights_sitenote_category":0,"site-sidebar-layout":"no-sidebar","site-content-layout":"page-builder","ast-site-content-layout":"default","site-content-style":"default","site-sidebar-style":"default","ast-global-header-display":"","ast-banner-title-visibility":"","ast-main-header-display":"","ast-hfb-above-header-display":"","ast-hfb-below-header-display":"","ast-hfb-mobile-header-display":"","site-post-title":"disabled","ast-breadcrumbs-content":"","ast-featured-img":"disabled","footer-sml-layout":"","ast-disable-related-posts":"","theme-transparent-header-meta":"default","adv-header-id-meta":"","stick-header-meta":"","header-above-stick-meta":"","header-main-stick-meta":"","header-below-stick-meta":"","astra-migrate-meta-layouts":"default","ast-page-background-enabled":"default","ast-page-background-meta":{"desktop":{"background-color":"","background-image":"","background-repeat":"repeat","background-position":"center center","background-size":"auto","background-attachment":"scroll","background-type":"","background-media":"","overlay-type":"","overlay-color":"","overlay-opacity":"","overlay-gradient":""},"tablet":{"background-color":"","background-image":"","background-repeat":"repeat","background-position":"center center","background-size":"auto","background-attachment":"scroll","background-type":"","background-media":"","overlay-type":"","overlay-color":"","overlay-opacity":"","overlay-gradient":""},"mobile":{"background-color":"","background-image":"","background-repeat":"repeat","background-position":"center center","background-size":"auto","background-attachment":"scroll","background-type":"","background-media":"","overlay-type":"","overlay-color":"","overlay-opacity":"","overlay-gradient":""}},"ast-content-background-meta":{"desktop":{"background-color":"var(--ast-global-color-5)","background-image":"","background-repeat":"repeat","background-position":"center center","background-size":"auto","background-attachment":"scroll","background-type":"","background-media":"","overlay-type":"","overlay-color":"","overlay-opacity":"","overlay-gradient":""},"tablet":{"background-color":"var(--ast-global-color-5)","background-image":"","background-repeat":"repeat","background-position":"center center","background-size":"auto","background-attachment":"scroll","background-type":"","background-media":"","overlay-type":"","overlay-color":"","overlay-opacity":"","overlay-gradient":""},"mobile":{"background-color":"var(--ast-global-color-5)","background-image":"","background-repeat":"repeat","background-position":"center center","background-size":"auto","background-attachment":"scroll","background-type":"","background-media":"","overlay-type":"","overlay-color":"","overlay-opacity":"","overlay-gradient":""}},"footnotes":""},"class_list":["post-1495","page","type-page","status-publish","hentry"],"_links":{"self":[{"href":"https:\/\/www.adnijoga.hu\/en\/wp-json\/wp\/v2\/pages\/1495","targetHints":{"allow":["GET"]}}],"collection":[{"href":"https:\/\/www.adnijoga.hu\/en\/wp-json\/wp\/v2\/pages"}],"about":[{"href":"https:\/\/www.adnijoga.hu\/en\/wp-json\/wp\/v2\/types\/page"}],"author":[{"embeddable":true,"href":"https:\/\/www.adnijoga.hu\/en\/wp-json\/wp\/v2\/users\/7"}],"replies":[{"embeddable":true,"href":"https:\/\/www.adnijoga.hu\/en\/wp-json\/wp\/v2\/comments?post=1495"}],"version-history":[{"count":0,"href":"https:\/\/www.adnijoga.hu\/en\/wp-json\/wp\/v2\/pages\/1495\/revisions"}],"wp:attachment":[{"href":"https:\/\/www.adnijoga.hu\/en\/wp-json\/wp\/v2\/media?parent=1495"}],"curies":[{"name":"wp","href":"https:\/\/api.w.org\/{rel}","templated":true}]}}